{"id":125,"date":"2024-04-15T19:40:11","date_gmt":"2024-04-15T19:40:11","guid":{"rendered":"https:\/\/giovetoken.com\/cose-giove-token-giove\/"},"modified":"2024-04-17T22:12:50","modified_gmt":"2024-04-17T22:12:50","slug":"cose-giove-token-giove","status":"publish","type":"page","link":"https:\/\/giovetoken.com\/it\/cose-giove-token-giove\/","title":{"rendered":"Cos&#8217;\u00e8 Giove Token (GIOVE)"},"content":{"rendered":"\n<h2 class=\"wp-block-heading\" id=\"giove-token\">GIOVE Token<\/h2>\n\n<p>Presentiamo <strong>Giove<\/strong>, un token rivoluzionario destinato a ridefinire gli <strong>scambi e le transazioni <\/strong> in settori chiave come l&#8217;immobiliare, i ristoranti, i bar e l&#8217;ospitalit\u00e0.<\/p>\n\n<p>Nominato in onore del dio romano Giove, il token simboleggia potere, espansione e abbondanza, rispecchiando le aspirazioni di questo innovativo asset basato su blockchain.<\/p>\n\n<p>Al suo nucleo, <strong>Giove mira a semplificare<\/strong> e migliorare il modo in cui le transazioni sono condotte in questi settori cruciali, sfruttando la potenza della tecnologia blockchain per creare un ecosistema pi\u00f9 efficiente, trasparente e sicuro. Sfruttando la natura decentralizzata della blockchain, <strong>Giove elimina gli intermediari<\/strong>, riduce i costi delle transazioni e mitiga i rischi, p<strong>otenziando cos\u00ec le parti interessate in vari settori<\/strong>.<\/p>\n\n<h2 class=\"wp-block-heading\" id=\"giove-for-hospitality\">GIOVE per l&#8217;Ospitalit\u00e0<\/h2>\n\n<p>Nel settore dell&#8217;ospitalit\u00e0, Giove facilita processi di <strong>prenotazione e pagamento fluidi per hotel, resort ed esperienze di viaggio. <\/strong> Integrando con le piattaforme di prenotazione esistenti, Giove migliora la sicurezza e la privacy, offrendo al contempo incentivi come premi di fedelt\u00e0 e sconti ai viaggiatori.<\/p>\n\n<h2 class=\"wp-block-heading\" id=\"giove-for-real-estate\">GIOVE per l&#8217;Immobiliare<\/h2>\n\n<p>Inoltre, nel settore <strong>immobiliare<\/strong>, Giove facilita transazioni immobiliari fluide, <strong>dall&#8217;acquisto di case residenziali a propriet\u00e0 commerciali<\/strong>, offrendo contratti intelligenti che automatizzano processi come l&#8217;escrow, i trasferimenti di titolo e gli accordi di locazione.<\/p>\n\n<p>Questo non solo accelera le transazioni, ma garantisce anche maggiore trasparenza e immutabilit\u00e0 nei registri immobiliari.<\/p>\n\n<h2 class=\"wp-block-heading\" id=\"giove-for-restaurants-bars\">GIOVE per Ristoranti e Bar<\/h2>\n\n<p>L&#8217;impatto di Giove nel settore dei ristoranti e dei bar inizia con la sua capacit\u00e0 di semplificare i processi di pagamento.<\/p>\n\n<p>Giove consente la liquidazione automatica delle fatture, eliminando la necessit\u00e0 di metodi di pagamento ingombranti e riducendo i tempi di attesa per i clienti.<\/p>\n\n<p>Questo non solo migliora l&#8217;esperienza di ristorazione, ma migliora anche l&#8217;efficienza operativa degli esercizi, permettendo loro di concentrarsi maggiormente sul fornire un servizio eccezionale e delizie culinarie.<\/p>\n\n<h2 class=\"wp-block-heading\" id=\"giove-a-summary\">GIOVE: un riassunto<\/h2>\n\n<p>In sostanza, Giove non \u00e8 solo un token; <strong>\u00e8 un catalizzatore per l&#8217;innovazione e l&#8217;empowerment in pi\u00f9 settori<\/strong>. Con il suo focus sulla trasparenza, l&#8217;efficienza e l&#8217;accessibilit\u00e0, Giove apre la strada a un futuro in cui le transazioni sono senza confini, senza attriti e inclusive, inaugurando una nuova era di prosperit\u00e0 e possibilit\u00e0 per tutte le parti coinvolte.<\/p>\n","protected":false},"excerpt":{"rendered":"<p>GIOVE Token Presentiamo Giove, un token rivoluzionario destinato a ridefinire gli scambi e le transazioni in settori chiave come l&#8217;immobiliare, i ristoranti, i bar e l&#8217;ospitalit\u00e0. Nominato in onore del dio romano Giove, il token simboleggia potere, espansione e abbondanza, rispecchiando le aspirazioni di questo innovativo asset basato su blockchain. Al suo nucleo, Giove mira<a href=\"https:\/\/giovetoken.com\/it\/cose-giove-token-giove\/\">Continue reading <span class=\"sr-only\">&#8220;Cos&#8217;\u00e8 Giove Token (GIOVE)&#8221;<\/span><\/a><\/p>\n","protected":false},"author":1,"featured_media":0,"parent":0,"menu_order":0,"comment_status":"closed","ping_status":"closed","template":"","meta":{"footnotes":""},"class_list":["post-125","page","type-page","status-publish","hentry"],"yoast_head":"<!-- This site is optimized with the Yoast SEO plugin v27.2 - https:\/\/yoast.com\/product\/yoast-seo-wordpress\/ -->\n<title>Cos&#039;\u00e8 Giove Token (GIOVE) - GIOVE TOKEN<\/title>\n<meta name=\"description\" content=\"Rivoluzionando le transazioni nel settore immobiliare, ristoranti, bar e industria dell&#039;ospitalit\u00e0.\" \/>\n<meta name=\"robots\" content=\"index, follow, max-snippet:-1, max-image-preview:large, max-video-preview:-1\" \/>\n<link rel=\"canonical\" href=\"https:\/\/giovetoken.com\/it\/cose-giove-token-giove\/\" \/>\n<meta property=\"og:locale\" content=\"it_IT\" \/>\n<meta property=\"og:type\" content=\"article\" \/>\n<meta property=\"og:title\" content=\"Cos&#039;\u00e8 Giove Token (GIOVE) - GIOVE TOKEN\" \/>\n<meta property=\"og:description\" content=\"Rivoluzionando le transazioni nel settore immobiliare, ristoranti, bar e industria dell&#039;ospitalit\u00e0.\" \/>\n<meta property=\"og:url\" content=\"https:\/\/giovetoken.com\/it\/cose-giove-token-giove\/\" \/>\n<meta property=\"og:site_name\" content=\"GIOVE TOKEN\" \/>\n<meta property=\"article:modified_time\" content=\"2024-04-17T22:12:50+00:00\" \/>\n<meta name=\"twitter:card\" content=\"summary_large_image\" \/>\n<meta name=\"twitter:label1\" content=\"Tempo di lettura stimato\" \/>\n\t<meta name=\"twitter:data1\" content=\"2 minuti\" \/>\n<script type=\"application\/ld+json\" class=\"yoast-schema-graph\">{\"@context\":\"https:\/\/schema.org\",\"@graph\":[{\"@type\":\"WebPage\",\"@id\":\"https:\/\/giovetoken.com\/it\/cose-giove-token-giove\/\",\"url\":\"https:\/\/giovetoken.com\/it\/cose-giove-token-giove\/\",\"name\":\"Cos'\u00e8 Giove Token (GIOVE) - GIOVE TOKEN\",\"isPartOf\":{\"@id\":\"https:\/\/giovetoken.com\/it\/#website\"},\"datePublished\":\"2024-04-15T19:40:11+00:00\",\"dateModified\":\"2024-04-17T22:12:50+00:00\",\"description\":\"Rivoluzionando le transazioni nel settore immobiliare, ristoranti, bar e industria dell'ospitalit\u00e0.\",\"breadcrumb\":{\"@id\":\"https:\/\/giovetoken.com\/it\/cose-giove-token-giove\/#breadcrumb\"},\"inLanguage\":\"it-IT\",\"potentialAction\":[{\"@type\":\"ReadAction\",\"target\":[\"https:\/\/giovetoken.com\/it\/cose-giove-token-giove\/\"]}]},{\"@type\":\"BreadcrumbList\",\"@id\":\"https:\/\/giovetoken.com\/it\/cose-giove-token-giove\/#breadcrumb\",\"itemListElement\":[{\"@type\":\"ListItem\",\"position\":1,\"name\":\"Home\",\"item\":\"https:\/\/giovetoken.com\/it\/\"},{\"@type\":\"ListItem\",\"position\":2,\"name\":\"Cos&#8217;\u00e8 Giove Token (GIOVE)\"}]},{\"@type\":\"WebSite\",\"@id\":\"https:\/\/giovetoken.com\/it\/#website\",\"url\":\"https:\/\/giovetoken.com\/it\/\",\"name\":\"GIOVE TOKEN\",\"description\":\"\",\"potentialAction\":[{\"@type\":\"SearchAction\",\"target\":{\"@type\":\"EntryPoint\",\"urlTemplate\":\"https:\/\/giovetoken.com\/it\/?s={search_term_string}\"},\"query-input\":{\"@type\":\"PropertyValueSpecification\",\"valueRequired\":true,\"valueName\":\"search_term_string\"}}],\"inLanguage\":\"it-IT\"}]}<\/script>\n<!-- \/ Yoast SEO plugin. -->","yoast_head_json":{"title":"Cos'\u00e8 Giove Token (GIOVE) - GIOVE TOKEN","description":"Rivoluzionando le transazioni nel settore immobiliare, ristoranti, bar e industria dell'ospitalit\u00e0.","robots":{"index":"index","follow":"follow","max-snippet":"max-snippet:-1","max-image-preview":"max-image-preview:large","max-video-preview":"max-video-preview:-1"},"canonical":"https:\/\/giovetoken.com\/it\/cose-giove-token-giove\/","og_locale":"it_IT","og_type":"article","og_title":"Cos'\u00e8 Giove Token (GIOVE) - GIOVE TOKEN","og_description":"Rivoluzionando le transazioni nel settore immobiliare, ristoranti, bar e industria dell'ospitalit\u00e0.","og_url":"https:\/\/giovetoken.com\/it\/cose-giove-token-giove\/","og_site_name":"GIOVE TOKEN","article_modified_time":"2024-04-17T22:12:50+00:00","twitter_card":"summary_large_image","twitter_misc":{"Tempo di lettura stimato":"2 minuti"},"schema":{"@context":"https:\/\/schema.org","@graph":[{"@type":"WebPage","@id":"https:\/\/giovetoken.com\/it\/cose-giove-token-giove\/","url":"https:\/\/giovetoken.com\/it\/cose-giove-token-giove\/","name":"Cos'\u00e8 Giove Token (GIOVE) - GIOVE TOKEN","isPartOf":{"@id":"https:\/\/giovetoken.com\/it\/#website"},"datePublished":"2024-04-15T19:40:11+00:00","dateModified":"2024-04-17T22:12:50+00:00","description":"Rivoluzionando le transazioni nel settore immobiliare, ristoranti, bar e industria dell'ospitalit\u00e0.","breadcrumb":{"@id":"https:\/\/giovetoken.com\/it\/cose-giove-token-giove\/#breadcrumb"},"inLanguage":"it-IT","potentialAction":[{"@type":"ReadAction","target":["https:\/\/giovetoken.com\/it\/cose-giove-token-giove\/"]}]},{"@type":"BreadcrumbList","@id":"https:\/\/giovetoken.com\/it\/cose-giove-token-giove\/#breadcrumb","itemListElement":[{"@type":"ListItem","position":1,"name":"Home","item":"https:\/\/giovetoken.com\/it\/"},{"@type":"ListItem","position":2,"name":"Cos&#8217;\u00e8 Giove Token (GIOVE)"}]},{"@type":"WebSite","@id":"https:\/\/giovetoken.com\/it\/#website","url":"https:\/\/giovetoken.com\/it\/","name":"GIOVE TOKEN","description":"","potentialAction":[{"@type":"SearchAction","target":{"@type":"EntryPoint","urlTemplate":"https:\/\/giovetoken.com\/it\/?s={search_term_string}"},"query-input":{"@type":"PropertyValueSpecification","valueRequired":true,"valueName":"search_term_string"}}],"inLanguage":"it-IT"}]}},"_links":{"self":[{"href":"https:\/\/giovetoken.com\/it\/wp-json\/wp\/v2\/pages\/125","targetHints":{"allow":["GET"]}}],"collection":[{"href":"https:\/\/giovetoken.com\/it\/wp-json\/wp\/v2\/pages"}],"about":[{"href":"https:\/\/giovetoken.com\/it\/wp-json\/wp\/v2\/types\/page"}],"author":[{"embeddable":true,"href":"https:\/\/giovetoken.com\/it\/wp-json\/wp\/v2\/users\/1"}],"replies":[{"embeddable":true,"href":"https:\/\/giovetoken.com\/it\/wp-json\/wp\/v2\/comments?post=125"}],"version-history":[{"count":1,"href":"https:\/\/giovetoken.com\/it\/wp-json\/wp\/v2\/pages\/125\/revisions"}],"predecessor-version":[{"id":126,"href":"https:\/\/giovetoken.com\/it\/wp-json\/wp\/v2\/pages\/125\/revisions\/126"}],"wp:attachment":[{"href":"https:\/\/giovetoken.com\/it\/wp-json\/wp\/v2\/media?parent=125"}],"curies":[{"name":"wp","href":"https:\/\/api.w.org\/{rel}","templated":true}]}}